{"id":86,"date":"2018-09-05T06:54:25","date_gmt":"2018-09-05T04:54:25","guid":{"rendered":"http:\/\/www.ozoengine.net\/JillzanWP\/?page_id=86"},"modified":"2023-01-03T12:08:13","modified_gmt":"2023-01-03T11:08:13","slug":"veckans-uppgift","status":"publish","type":"page","link":"https:\/\/www.ozoengine.net\/JillzanWP\/veckans-uppgift\/","title":{"rendered":"Veckans utmaning"},"content":{"rendered":"<p>H\u00e4r blir du inspirerad att skriva n\u00e5got l\u00e4ngre.<br \/>\nGe dig sj\u00e4lv en halvtimme till den uppgiften om det \u00e4r m\u00f6jligt. Annars skriver du s\u00e5 l\u00e4nge du kan.<br \/>\nDet viktiga \u00e4r inte att det blir &#8221;perfekt&#8221; utan f\u00f6r att f\u00e5 ig\u00e5ng kreativiteten.<\/p>\n<p>Du kan ocks\u00e5 f\u00e5 id\u00e9er under rubriken &#8221;lyan platsen f\u00f6r skrivande&#8221;<\/p>\n<p>Anv\u00e4nd ocks\u00e5 alla sinnen om du kan &#8211; syn, h\u00f6rsel, lukt, k\u00e4nsel och smak.<\/p>\n<p><span style=\"color: #ff6600;\">N\u00e4r du kommer hem ser du en hund som ligger p\u00e5 din favoritplats &#8230;<\/span><\/p>\n","protected":false},"excerpt":{"rendered":"<p>H\u00e4r blir du inspirerad att skriva n\u00e5got l\u00e4ngre. Ge dig sj\u00e4lv en halvtimme till den uppgiften om det \u00e4r m\u00f6jligt. Annars skriver du s\u00e5 l\u00e4nge du kan. Det viktiga \u00e4r inte att det blir &#8221;perfekt&#8221; utan f\u00f6r att f\u00e5 ig\u00e5ng kreativiteten. Du kan ocks\u00e5 f\u00e5 id\u00e9er under rubriken &#8221;lyan platsen f\u00f6r skrivande&#8221; Anv\u00e4nd ocks\u00e5 alla &hellip; <\/p>\n<p class=\"link-more\"><a href=\"https:\/\/www.ozoengine.net\/JillzanWP\/veckans-uppgift\/\" class=\"more-link\">Forts\u00e4tt l\u00e4sa<span class=\"screen-reader-text\"> \u201dVeckans utmaning\u201d<\/span><\/a><\/p>\n","protected":false},"author":1,"featured_media":716,"parent":0,"menu_order":0,"comment_status":"closed","ping_status":"closed","template":"","meta":[],"_links":{"self":[{"href":"https:\/\/www.ozoengine.net\/JillzanWP\/wp-json\/wp\/v2\/pages\/86"}],"collection":[{"href":"https:\/\/www.ozoengine.net\/JillzanWP\/wp-json\/wp\/v2\/pages"}],"about":[{"href":"https:\/\/www.ozoengine.net\/JillzanWP\/wp-json\/wp\/v2\/types\/page"}],"author":[{"embeddable":true,"href":"https:\/\/www.ozoengine.net\/JillzanWP\/wp-json\/wp\/v2\/users\/1"}],"replies":[{"embeddable":true,"href":"https:\/\/www.ozoengine.net\/JillzanWP\/wp-json\/wp\/v2\/comments?post=86"}],"version-history":[{"count":39,"href":"https:\/\/www.ozoengine.net\/JillzanWP\/wp-json\/wp\/v2\/pages\/86\/revisions"}],"predecessor-version":[{"id":1170,"href":"https:\/\/www.ozoengine.net\/JillzanWP\/wp-json\/wp\/v2\/pages\/86\/revisions\/1170"}],"wp:featuredmedia":[{"embeddable":true,"href":"https:\/\/www.ozoengine.net\/JillzanWP\/wp-json\/wp\/v2\/media\/716"}],"wp:attachment":[{"href":"https:\/\/www.ozoengine.net\/JillzanWP\/wp-json\/wp\/v2\/media?parent=86"}],"curies":[{"name":"wp","href":"https:\/\/api.w.org\/{rel}","templated":true}]}}