{"id":83,"date":"2018-09-05T06:55:17","date_gmt":"2018-09-05T04:55:17","guid":{"rendered":"http:\/\/www.ozoengine.net\/JillzanWP\/?page_id=83"},"modified":"2021-09-28T12:03:09","modified_gmt":"2021-09-28T10:03:09","slug":"dagens-uppgift-2","status":"publish","type":"page","link":"https:\/\/www.ozoengine.net\/JillzanWP\/dagens-uppgift-2\/","title":{"rendered":"Dagens utmaning"},"content":{"rendered":"<p><img decoding=\"async\" class=\"alignnone size-medium wp-image-996\" src=\"https:\/\/www.ozoengine.net\/JillzanWP\/wp-content\/uploads\/2021\/09\/Dagens-utmaning1-300x230.jpg\" alt=\"\" width=\"300\" height=\"230\" srcset=\"https:\/\/www.ozoengine.net\/JillzanWP\/wp-content\/uploads\/2021\/09\/Dagens-utmaning1-300x230.jpg 300w, https:\/\/www.ozoengine.net\/JillzanWP\/wp-content\/uploads\/2021\/09\/Dagens-utmaning1-768x590.jpg 768w, https:\/\/www.ozoengine.net\/JillzanWP\/wp-content\/uploads\/2021\/09\/Dagens-utmaning1.jpg 938w\" sizes=\"(max-width: 300px) 100vw, 300px\" \/><\/p>\n<p>H\u00e4r kommer en ny uppgift varje dag d\u00e4r du kan utmana dig sj\u00e4lv. Skriv ca 10 minuter utan att t\u00e4nka p\u00e5 stavning, tecken eller om det \u00e4r bra eller inte. Bara skriv det som dyker upp f\u00f6r tillf\u00e4llet.<\/p>\n<p>Detta \u00e4r f\u00f6r att h\u00e5lla skrivandet ig\u00e5ng oavsett vad det ska leda till.<\/p>\n<p><span style=\"color: #008080;\"><span style=\"color: #00ffff;\">M\u00e5ndag<\/span>\u00a0\u00a0<\/span>&#8211; Hur kan du ta hand om dig p\u00e5 jobbet?<\/p>\n<p><span style=\"color: #ff9900;\">Tisdag\u00a0<\/span>&#8211;\u00a0 N\u00e4r k\u00e4nner du dig rik?<\/p>\n<p><span style=\"color: #ff0000;\">Onsdag\u00a0<\/span>&#8211; N\u00e4r du ser dig i spegeln, vem ser du d\u00e5?<\/p>\n<p><span style=\"color: #00ff00;\">Torsdag <\/span>&#8211;\u00a0 Om det h\u00e4r var en dag du fick \u00f6nska vad du ville, vad skulle du \u00f6nska d\u00e5?<\/p>\n<p><span style=\"color: #999999;\"><span style=\"color: #ff9900;\"><span style=\"color: #0000ff;\">Fredag<\/span><\/span><\/span> &#8211; Vad \u00e4r det du skjuter upp just nu?<\/p>\n<p><span style=\"color: #ff9900;\">L\u00f6rdag<\/span> &#8211; Vad h\u00e4nde ig\u00e5r som du ser som magiskt?<\/p>\n<p><span style=\"color: #3366ff;\">S\u00f6ndag<\/span>\u00a0&#8211; Du har tv\u00e5 val, hur v\u00e4ljer du, finns det ytterligare ett val?<code><\/code><\/p>\n","protected":false},"excerpt":{"rendered":"<p>H\u00e4r kommer en ny uppgift varje dag d\u00e4r du kan utmana dig sj\u00e4lv. Skriv ca 10 minuter utan att t\u00e4nka p\u00e5 stavning, tecken eller om det \u00e4r bra eller inte. Bara skriv det som dyker upp f\u00f6r tillf\u00e4llet. Detta \u00e4r f\u00f6r att h\u00e5lla skrivandet ig\u00e5ng oavsett vad det ska leda till. M\u00e5ndag\u00a0\u00a0&#8211; Hur kan du &hellip; <\/p>\n<p class=\"link-more\"><a href=\"https:\/\/www.ozoengine.net\/JillzanWP\/dagens-uppgift-2\/\" class=\"more-link\">Forts\u00e4tt l\u00e4sa<span class=\"screen-reader-text\"> \u201dDagens utmaning\u201d<\/span><\/a><\/p>\n","protected":false},"author":1,"featured_media":0,"parent":0,"menu_order":0,"comment_status":"closed","ping_status":"closed","template":"","meta":[],"_links":{"self":[{"href":"https:\/\/www.ozoengine.net\/JillzanWP\/wp-json\/wp\/v2\/pages\/83"}],"collection":[{"href":"https:\/\/www.ozoengine.net\/JillzanWP\/wp-json\/wp\/v2\/pages"}],"about":[{"href":"https:\/\/www.ozoengine.net\/JillzanWP\/wp-json\/wp\/v2\/types\/page"}],"author":[{"embeddable":true,"href":"https:\/\/www.ozoengine.net\/JillzanWP\/wp-json\/wp\/v2\/users\/1"}],"replies":[{"embeddable":true,"href":"https:\/\/www.ozoengine.net\/JillzanWP\/wp-json\/wp\/v2\/comments?post=83"}],"version-history":[{"count":59,"href":"https:\/\/www.ozoengine.net\/JillzanWP\/wp-json\/wp\/v2\/pages\/83\/revisions"}],"predecessor-version":[{"id":997,"href":"https:\/\/www.ozoengine.net\/JillzanWP\/wp-json\/wp\/v2\/pages\/83\/revisions\/997"}],"wp:attachment":[{"href":"https:\/\/www.ozoengine.net\/JillzanWP\/wp-json\/wp\/v2\/media?parent=83"}],"curies":[{"name":"wp","href":"https:\/\/api.w.org\/{rel}","templated":true}]}}